{"id":393,"date":"2024-01-30T20:52:01","date_gmt":"2024-01-30T20:52:01","guid":{"rendered":"https:\/\/morales.ec\/new\/?page_id=393"},"modified":"2024-11-19T19:36:17","modified_gmt":"2024-11-19T19:36:17","slug":"ab-edisson-morales-pazmino","status":"publish","type":"page","link":"https:\/\/morales.ec\/new\/ab-edisson-morales-pazmino\/","title":{"rendered":"Ab. Edisson Morales Pazmi\u00f1o"},"content":{"rendered":"\t\t<div data-elementor-type=\"wp-page\" data-elementor-id=\"393\" class=\"elementor elementor-393\" data-elementor-post-type=\"page\">\n\t\t\t\t\t\t\t<div class=\"elementor-element elementor-element-0d59c87 e-flex e-con-boxed e-con e-parent\" data-id=\"0d59c87\" data-element_type=\"container\" data-settings=\"{&quot;content_width&quot;:&quot;boxed&quot;}\" data-core-v316-plus=\"true\">\n\t\t\t\t\t<div class=\"e-con-inner\">\n\t\t<div class=\"elementor-element elementor-element-4240928 e-con-full e-flex e-con e-child\" data-id=\"4240928\" data-element_type=\"container\" data-settings=\"{&quot;content_width&quot;:&quot;full&quot;}\">\n\t\t\t\t<div class=\"elementor-element elementor-element-cb043cf elementor-widget elementor-widget-image\" data-id=\"cb043cf\" data-element_type=\"widget\" data-settings=\"{&quot;motion_fx_motion_fx_scrolling&quot;:&quot;yes&quot;,&quot;motion_fx_translateX_effect&quot;:&quot;yes&quot;,&quot;motion_fx_translateX_speed&quot;:{&quot;unit&quot;:&quot;px&quot;,&quot;size&quot;:4,&quot;sizes&quot;:[]},&quot;motion_fx_translateX_affectedRange&quot;:{&quot;unit&quot;:&quot;%&quot;,&quot;size&quot;:&quot;&quot;,&quot;sizes&quot;:{&quot;start&quot;:0,&quot;end&quot;:100}},&quot;motion_fx_devices&quot;:[&quot;desktop&quot;,&quot;tablet&quot;,&quot;mobile&quot;]}\" data-widget_type=\"image.default\">\n\t\t\t\t<div class=\"elementor-widget-container\">\n\t\t\t<style>\/*! elementor - v3.18.0 - 20-12-2023 *\/\n.elementor-widget-image{text-align:center}.elementor-widget-image a{display:inline-block}.elementor-widget-image a img[src$=\".svg\"]{width:48px}.elementor-widget-image img{vertical-align:middle;display:inline-block}<\/style>\t\t\t\t\t\t\t\t\t\t\t\t<img fetchpriority=\"high\" decoding=\"async\" width=\"488\" height=\"485\" src=\"https:\/\/morales.ec\/new\/wp-content\/uploads\/2024\/01\/if-24.png\" class=\"attachment-large size-large wp-image-273\" alt=\"\" srcset=\"https:\/\/morales.ec\/new\/wp-content\/uploads\/2024\/01\/if-24.png 488w, https:\/\/morales.ec\/new\/wp-content\/uploads\/2024\/01\/if-24-300x298.png 300w, https:\/\/morales.ec\/new\/wp-content\/uploads\/2024\/01\/if-24-150x150.png 150w\" sizes=\"(max-width: 488px) 100vw, 488px\" \/>\t\t\t\t\t\t\t\t\t\t\t\t\t\t\t<\/div>\n\t\t\t\t<\/div>\n\t\t\t\t<\/div>\n\t\t<div class=\"elementor-element elementor-element-93dba3b e-con-full e-flex e-con e-child\" data-id=\"93dba3b\" data-element_type=\"container\" data-settings=\"{&quot;content_width&quot;:&quot;full&quot;}\">\n\t\t\t\t<div class=\"elementor-element elementor-element-2b4b439 elementor-widget elementor-widget-text-editor\" data-id=\"2b4b439\" data-element_type=\"widget\" data-settings=\"{&quot;motion_fx_motion_fx_scrolling&quot;:&quot;yes&quot;,&quot;motion_fx_translateY_effect&quot;:&quot;yes&quot;,&quot;motion_fx_translateY_direction&quot;:&quot;negative&quot;,&quot;motion_fx_translateY_affectedRange&quot;:{&quot;unit&quot;:&quot;%&quot;,&quot;size&quot;:&quot;&quot;,&quot;sizes&quot;:{&quot;start&quot;:0,&quot;end&quot;:53}},&quot;motion_fx_blur_effect&quot;:&quot;yes&quot;,&quot;motion_fx_blur_level&quot;:{&quot;unit&quot;:&quot;px&quot;,&quot;size&quot;:2,&quot;sizes&quot;:[]},&quot;motion_fx_blur_range&quot;:{&quot;unit&quot;:&quot;%&quot;,&quot;size&quot;:&quot;&quot;,&quot;sizes&quot;:{&quot;start&quot;:0,&quot;end&quot;:53}},&quot;motion_fx_translateY_speed&quot;:{&quot;unit&quot;:&quot;px&quot;,&quot;size&quot;:4,&quot;sizes&quot;:[]},&quot;motion_fx_blur_direction&quot;:&quot;out-in&quot;,&quot;motion_fx_devices&quot;:[&quot;desktop&quot;,&quot;tablet&quot;,&quot;mobile&quot;]}\" data-widget_type=\"text-editor.default\">\n\t\t\t\t<div class=\"elementor-widget-container\">\n\t\t\t<style>\/*! elementor - v3.18.0 - 20-12-2023 *\/\n.elementor-widget-text-editor.elementor-drop-cap-view-stacked .elementor-drop-cap{background-color:#69727d;color:#fff}.elementor-widget-text-editor.elementor-drop-cap-view-framed .elementor-drop-cap{color:#69727d;border:3px solid;background-color:transparent}.elementor-widget-text-editor:not(.elementor-drop-cap-view-default) .elementor-drop-cap{margin-top:8px}.elementor-widget-text-editor:not(.elementor-drop-cap-view-default) .elementor-drop-cap-letter{width:1em;height:1em}.elementor-widget-text-editor .elementor-drop-cap{float:left;text-align:center;line-height:1;font-size:50px}.elementor-widget-text-editor .elementor-drop-cap-letter{display:inline-block}<\/style>\t\t\t\tAb. Edisson Morales Pazmi\u00f1o\t\t\t\t\t\t<\/div>\n\t\t\t\t<\/div>\n\t\t\t\t<div class=\"elementor-element elementor-element-e40ba0c elementor-widget elementor-widget-text-editor\" data-id=\"e40ba0c\" data-element_type=\"widget\" data-settings=\"{&quot;motion_fx_motion_fx_scrolling&quot;:&quot;yes&quot;,&quot;motion_fx_devices&quot;:[&quot;desktop&quot;,&quot;tablet&quot;,&quot;mobile&quot;]}\" data-widget_type=\"text-editor.default\">\n\t\t\t\t<div class=\"elementor-widget-container\">\n\t\t\t\t\t\t\t<p><span style=\"font-family: acumin-variable, sans-serif; font-style: normal;\"><strong>\u00c1reas de ejercicio<\/strong>: Derecho Empresarial. Derecho de Inversiones, Consultor\u00eda, Derecho Administrativo, Resoluci\u00f3n de Conflictos, Derecho Inmobiliario.<\/span><\/p><p><strong>Perfil<\/strong>: Abogado litigante enfocado en la pr\u00e1ctica del Derecho Empresarial.<\/p><p>Idiomas:<br \/>Espa\u00f1ol (lengua materna)<br \/>Suficiencia profesional en ingl\u00e9s<\/p>\t\t\t\t\t\t<\/div>\n\t\t\t\t<\/div>\n\t\t\t\t<\/div>\n\t\t\t\t\t<\/div>\n\t\t\t\t<\/div>\n\t\t<div class=\"elementor-element elementor-element-596d840 e-flex e-con-boxed e-con e-parent\" data-id=\"596d840\" data-element_type=\"container\" data-settings=\"{&quot;content_width&quot;:&quot;boxed&quot;}\" data-core-v316-plus=\"true\">\n\t\t\t\t\t<div class=\"e-con-inner\">\n\t\t\t\t<div class=\"elementor-element elementor-element-9c9568b elementor-widget elementor-widget-text-editor\" data-id=\"9c9568b\" data-element_type=\"widget\" data-widget_type=\"text-editor.default\">\n\t\t\t\t<div class=\"elementor-widget-container\">\n\t\t\t\t\t\t\tFormaci\u00f3n acad\u00e9mica y experiencia profesional:\n\t\t\t\t\t\t<\/div>\n\t\t\t\t<\/div>\n\t\t\t\t<div class=\"elementor-element elementor-element-5b020b1 elementor-widget elementor-widget-text-editor\" data-id=\"5b020b1\" data-element_type=\"widget\" data-settings=\"{&quot;motion_fx_motion_fx_scrolling&quot;:&quot;yes&quot;,&quot;motion_fx_devices&quot;:[&quot;desktop&quot;,&quot;tablet&quot;,&quot;mobile&quot;]}\" data-widget_type=\"text-editor.default\">\n\t\t\t\t<div class=\"elementor-widget-container\">\n\t\t\t\t\t\t\t<p><span style=\"font-family: acumin-variable, sans-serif; font-style: normal;\">Abogado experto en litigio y asesoramiento a Empresas Familiares. <\/span><br \/><span style=\"font-family: acumin-variable, sans-serif; font-style: normal;\"><br \/>Graduado con honores por la Universidad de las Am\u00e9ricas, en Quito. Fue becado de la DAAD (German Academic Exchange Service) y obtuvo su Master en Derecho Internacional por la Universidad de Heidelberg-Alemania.<\/span><\/p><p>Adem\u00e1s, es M\u00e1ster en Derecho Internacional, Inversiones y Comercio por la Universidad de Chile y fue becario de la Organizaci\u00f3n de Estados Americanos (OEA) para el M\u00e1ster en Administraci\u00f3n de Empresas por la Universidad de C\u00e1diz en Espa\u00f1a.<\/p><p>Tiene adem\u00e1s una especializaci\u00f3n superior en Derecho Administrativo por la Universidad Andina Sim\u00f3n Bol\u00edvar.<\/p><p>Es profesor de la Universidad Polit\u00e9cnica Salesiana en Derecho Empresarial, Derecho Administrativo y Derecho Procesal.<\/p><p>Es cofundador y actual Gerente de Tinku-Lab, el primer laboratorio c\u00edvico de Ecuador.<\/p><p>\u00a0<\/p>\t\t\t\t\t\t<\/div>\n\t\t\t\t<\/div>\n\t\t\t\t\t<\/div>\n\t\t\t\t<\/div>\n\t\t<div class=\"elementor-element elementor-element-b80deed e-flex e-con-boxed e-con e-parent\" data-id=\"b80deed\" data-element_type=\"container\" data-settings=\"{&quot;content_width&quot;:&quot;boxed&quot;}\" data-core-v316-plus=\"true\">\n\t\t\t\t\t<div class=\"e-con-inner\">\n\t\t<div class=\"elementor-element elementor-element-ee4f7ca e-con-full e-flex e-con e-child\" data-id=\"ee4f7ca\" data-element_type=\"container\" data-settings=\"{&quot;content_width&quot;:&quot;full&quot;}\">\n\t\t\t\t<div class=\"elementor-element elementor-element-dd1acc0 elementor-widget elementor-widget-text-editor\" data-id=\"dd1acc0\" data-element_type=\"widget\" data-widget_type=\"text-editor.default\">\n\t\t\t\t<div class=\"elementor-widget-container\">\n\t\t\t\t\t\t\tL\u00ednea de investigaci\u00f3n:\n\t\t\t\t\t\t<\/div>\n\t\t\t\t<\/div>\n\t\t\t\t<div class=\"elementor-element elementor-element-9c0efea elementor-widget elementor-widget-text-editor\" data-id=\"9c0efea\" data-element_type=\"widget\" data-settings=\"{&quot;motion_fx_motion_fx_scrolling&quot;:&quot;yes&quot;,&quot;motion_fx_devices&quot;:[&quot;desktop&quot;,&quot;tablet&quot;,&quot;mobile&quot;]}\" data-widget_type=\"text-editor.default\">\n\t\t\t\t<div class=\"elementor-widget-container\">\n\t\t\t\t\t\t\t<span style=\"font-family: acumin-variable, sans-serif; font-style: normal;\">Est\u00e1 enfocada en el Derecho Administrativo y Corporativo. \n\t\t\t\t\t\t<\/div>\n\t\t\t\t<\/div>\n\t\t\t\t<div class=\"elementor-element elementor-element-661434d elementor-widget elementor-widget-text-editor\" data-id=\"661434d\" data-element_type=\"widget\" data-widget_type=\"text-editor.default\">\n\t\t\t\t<div class=\"elementor-widget-container\">\n\t\t\t\t\t\t\tPublicaciones:\t\t\t\t\t\t<\/div>\n\t\t\t\t<\/div>\n\t\t\t\t<div class=\"elementor-element elementor-element-26aa5af elementor-widget elementor-widget-text-editor\" data-id=\"26aa5af\" data-element_type=\"widget\" data-settings=\"{&quot;motion_fx_motion_fx_scrolling&quot;:&quot;yes&quot;,&quot;motion_fx_devices&quot;:[&quot;desktop&quot;,&quot;tablet&quot;,&quot;mobile&quot;]}\" data-widget_type=\"text-editor.default\">\n\t\t\t\t<div class=\"elementor-widget-container\">\n\t\t\t\t\t\t\t<ul><li><span style=\"font-family: acumin-variable, sans-serif; font-style: normal;\">Coautor del cap\u00edtulo Industria del gas en el Ecuador en el libro \u201cLos mercados de gas y su regulaci\u00f3n en Iberoam\u00e9rica\u201d (2021).<br \/><\/span><\/li><li><span style=\"font-family: acumin-variable, sans-serif; font-style: normal;\">Coautor del cap\u00edtulo 11 the Ecuadorian Energy Matrixin the book \u201cThe <\/span><\/li><li><span style=\"font-family: acumin-variable, sans-serif; font-style: normal;\">Regulation and Policy of Latin American Energy Transitions\u201d (2020).<br \/><\/span><\/li><li><span style=\"font-family: acumin-variable, sans-serif; font-style: normal;\">Autor del art\u00edculo Libertad de Expresi\u00f3n y el R\u00e9gimen Democr\u00e1tico en Ecuador expuesto en el Tercer Congreso de Ciencia, Sociedad e Investigaci\u00f3n Universitaria (2019).<\/span><\/li><\/ul>\t\t\t\t\t\t<\/div>\n\t\t\t\t<\/div>\n\t\t\t\t<\/div>\n\t\t<div class=\"elementor-element elementor-element-0c1456b e-con-full e-flex e-con e-child\" data-id=\"0c1456b\" data-element_type=\"container\" data-settings=\"{&quot;content_width&quot;:&quot;full&quot;}\">\n\t\t\t\t<div class=\"elementor-element elementor-element-eb07882 elementor-widget elementor-widget-text-editor\" data-id=\"eb07882\" data-element_type=\"widget\" data-widget_type=\"text-editor.default\">\n\t\t\t\t<div class=\"elementor-widget-container\">\n\t\t\t\t\t\t\tReconocimientos:  \n\t\t\t\t\t\t<\/div>\n\t\t\t\t<\/div>\n\t\t\t\t<div class=\"elementor-element elementor-element-1a14d1c elementor-widget elementor-widget-text-editor\" data-id=\"1a14d1c\" data-element_type=\"widget\" data-settings=\"{&quot;motion_fx_motion_fx_scrolling&quot;:&quot;yes&quot;,&quot;motion_fx_devices&quot;:[&quot;desktop&quot;,&quot;tablet&quot;,&quot;mobile&quot;]}\" data-widget_type=\"text-editor.default\">\n\t\t\t\t<div class=\"elementor-widget-container\">\n\t\t\t\t\t\t\t<ul><li><span style=\"font-family: acumin-variable, sans-serif; font-style: normal;\">Becario DAAD<br \/><\/span><\/li><li><span style=\"font-family: acumin-variable, sans-serif; font-style: normal;\">Becario UDLA<br \/><\/span><\/li><li><span style=\"font-family: acumin-variable, sans-serif; font-style: normal;\">Becario OEA<\/span><\/li><\/ul>\t\t\t\t\t\t<\/div>\n\t\t\t\t<\/div>\n\t\t\t\t<\/div>\n\t\t\t\t\t<\/div>\n\t\t\t\t<\/div>\n\t\t<div class=\"elementor-element elementor-element-d0b6246 e-flex e-con-boxed e-con e-parent\" data-id=\"d0b6246\" data-element_type=\"container\" data-settings=\"{&quot;content_width&quot;:&quot;boxed&quot;}\" data-core-v316-plus=\"true\">\n\t\t\t\t\t<div class=\"e-con-inner\">\n\t\t\t\t<div class=\"elementor-element elementor-element-b5b6ac6 elementor-widget elementor-widget-text-editor\" data-id=\"b5b6ac6\" data-element_type=\"widget\" data-widget_type=\"text-editor.default\">\n\t\t\t\t<div class=\"elementor-widget-container\">\n\t\t\t\t\t\t\tContacto:\t\t\t\t\t\t<\/div>\n\t\t\t\t<\/div>\n\t\t\t\t<div class=\"elementor-element elementor-element-81d2e00 elementor-widget elementor-widget-text-editor\" data-id=\"81d2e00\" data-element_type=\"widget\" data-settings=\"{&quot;motion_fx_motion_fx_scrolling&quot;:&quot;yes&quot;,&quot;motion_fx_devices&quot;:[&quot;desktop&quot;,&quot;tablet&quot;,&quot;mobile&quot;]}\" data-widget_type=\"text-editor.default\">\n\t\t\t\t<div class=\"elementor-widget-container\">\n\t\t\t\t\t\t\t<span style=\"font-family: acumin-variable, sans-serif; font-style: normal;\">\nCorreo electr\u00f3nico: emorles@morales.ec<br>\nTelf: +(593)2 246 0987 <\/span>\t\t\t\t\t\t<\/div>\n\t\t\t\t<\/div>\n\t\t\t\t\t<\/div>\n\t\t\t\t<\/div>\n\t\t\t\t\t\t\t<\/div>\n\t\t","protected":false},"excerpt":{"rendered":"<p>Ab. Edisson Morales Pazmi\u00f1o \u00c1reas de ejercicio: Derecho Empresarial. Derecho de Inversiones, Consultor\u00eda, Derecho Administrativo, Resoluci\u00f3n de Conflictos, Derecho Inmobiliario. Perfil: Abogado litigante enfocado en la pr\u00e1ctica del Derecho Empresarial. Idiomas:Espa\u00f1ol (lengua materna)Suficiencia profesional en ingl\u00e9s Formaci\u00f3n acad\u00e9mica y experiencia profesional: Abogado experto en litigio y asesoramiento a Empresas Familiares. Graduado con honores por la [&hellip;]<\/p>\n","protected":false},"author":1,"featured_media":273,"parent":0,"menu_order":0,"comment_status":"closed","ping_status":"closed","template":"elementor_header_footer","meta":{"footnotes":""},"class_list":["post-393","page","type-page","status-publish","has-post-thumbnail","hentry"],"_links":{"self":[{"href":"https:\/\/morales.ec\/new\/wp-json\/wp\/v2\/pages\/393","targetHints":{"allow":["GET"]}}],"collection":[{"href":"https:\/\/morales.ec\/new\/wp-json\/wp\/v2\/pages"}],"about":[{"href":"https:\/\/morales.ec\/new\/wp-json\/wp\/v2\/types\/page"}],"author":[{"embeddable":true,"href":"https:\/\/morales.ec\/new\/wp-json\/wp\/v2\/users\/1"}],"replies":[{"embeddable":true,"href":"https:\/\/morales.ec\/new\/wp-json\/wp\/v2\/comments?post=393"}],"version-history":[{"count":21,"href":"https:\/\/morales.ec\/new\/wp-json\/wp\/v2\/pages\/393\/revisions"}],"predecessor-version":[{"id":972,"href":"https:\/\/morales.ec\/new\/wp-json\/wp\/v2\/pages\/393\/revisions\/972"}],"wp:featuredmedia":[{"embeddable":true,"href":"https:\/\/morales.ec\/new\/wp-json\/wp\/v2\/media\/273"}],"wp:attachment":[{"href":"https:\/\/morales.ec\/new\/wp-json\/wp\/v2\/media?parent=393"}],"curies":[{"name":"wp","href":"https:\/\/api.w.org\/{rel}","templated":true}]}}